{"id":187769,"date":"2025-06-09T09:19:01","date_gmt":"2025-06-09T09:19:01","guid":{"rendered":"https:\/\/miragaiasuites.com\/?page_id=187769"},"modified":"2025-07-14T11:45:41","modified_gmt":"2025-07-14T11:45:41","slug":"promotions","status":"publish","type":"page","link":"https:\/\/miragaiasuites.com\/pt\/promotions\/","title":{"rendered":"PROMO\u00c7\u00d5ES"},"content":{"rendered":"<p>Fuga a Dois Fora de \u00c9poca\"  class=\"choice-1 depth-1\"  >Fuga a Dois Fora de \u00c9poca<\/option><option value=\"Fim de Semana Prolongado\"  class=\"choice-2 depth-1\"  >Fim de Semana Prolongado<\/option><option value=\"Fique Mais Um Dia Connosco\"  class=\"choice-3 depth-1\"  >Fique Mais Um Dia Connosco<\/option><option value=\"Uma Semana de Descobertas\"  class=\"choice-4 depth-1\"  >Uma Semana de Descobertas<\/option><\/select><\/div><div id=\"wpforms-187766-field_3-container\" class=\"wpforms-field wpforms-field-textarea\" data-field-id=\"3\"><label class=\"wpforms-field-label\" for=\"wpforms-187766-field_3\">Mensagem <span class=\"wpforms-required-label\">*<\/span><\/label><textarea id=\"wpforms-187766-field_3\" class=\"wpforms-field-medium wpforms-field-required\" name=\"wpforms[fields][3]\" required><\/textarea><\/div><script>\n\t\t\t\t( function() {\n\t\t\t\t\tconst style = document.createElement( 'style' );\n\t\t\t\t\tstyle.appendChild( document.createTextNode( '#wpforms-187766-field_5-container { position: absolute !important; overflow: hidden !important; display: inline !important; height: 1px !important; width: 1px !important; z-index: -1000 !important; padding: 0 !important; } #wpforms-187766-field_5-container input { visibility: hidden; } #wpforms-conversational-form-page #wpforms-187766-field_5-container label { counter-increment: none; }' ) );\n\t\t\t\t\tdocument.head.appendChild( style );\n\t\t\t\t\tdocument.currentScript?.remove();\n\t\t\t\t} )();\n\t\t\t<\/script><\/div><!-- .wpforms-field-container --><div class=\"wpforms-recaptcha-container wpforms-is-recaptcha wpforms-is-recaptcha-type-v2\" ><div class=\"g-recaptcha\" data-sitekey=\"6Ldb2z8pAAAAAH_-pGA7gdVW-PfGdI8XDH9qdPq3\"><\/div><input type=\"text\" name=\"g-recaptcha-hidden\" class=\"wpforms-recaptcha-hidden\" style=\"position:absolute!important;clip:rect(0,0,0,0)!important;height:1px!important;width:1px!important;border:0!important;overflow:hidden!important;padding:0!important;margin:0!important;\" data-rule-recaptcha=\"1\"><\/div><div class=\"wpforms-submit-container\" ><input type=\"hidden\" name=\"wpforms[id]\" value=\"187766\"><input type=\"hidden\" name=\"page_title\" value=\"\"><input type=\"hidden\" name=\"page_url\" value=\"https:\/\/miragaiasuites.com\/pt\/wp-json\/wp\/v2\/pages\/187769\"><input type=\"hidden\" name=\"url_referer\" value=\"\"><button type=\"submit\" name=\"wpforms[submit]\" id=\"wpforms-submit-187766\" class=\"wpforms-submit\" data-alt-text=\"A enviar...\" data-submit-text=\"Enviar\" aria-live=\"assertive\" value=\"wpforms-submit\">Enviar<\/button><img loading=\"lazy\" decoding=\"async\" src=\"https:\/\/miragaiasuites.com\/wp-content\/plugins\/wpforms-lite\/assets\/images\/submit-spin.svg\" class=\"wpforms-submit-spinner\" style=\"display: none;\" width=\"26\" height=\"26\" alt=\"Loading\"><\/div><\/form><\/div>  <!-- .wpforms-container -->[\/vc_column][\/vc_row][vc_row][vc_column]<div style=\"clear:both; width:100%; height:50px\"><\/div>[vc_row_inner equal_height=&#8221;yes&#8221; content_placement=&#8221;top&#8221;][vc_column_inner width=&#8221;1\/2&#8243;]\t\t<div class=\"item-promo\">\r\n\t\t\t<div class=\"media\">\r\n\t\t\t\t\t\t\t\t<div class=\"media-body item-body\">\r\n\t\t\t\t\t<div class=\"item-title-head\">\r\n\t\t\t\t\t\t<div class=\"text-left\">\r\n\t\t\t\t\t\t\t<h2 class=\"title\">\r\n\t\t\t\t\t\t\t\t<a href=\"https:\/\/web.ynnovbooking.com\/booking\/booking\/?l=pt&#038;apikey=ugjR5ycX1mooOeg23RVOD5XY1sgrZ6Sm\">Reserva de \u00faltima hora<\/a>\r\n\t\t\t\t\t\t\t<\/h2>\r\n\t\t\t\t\t\t\tDesconto especial em reservas de \u00faltima hora.\t\t\t\t\t\t<\/div>\r\n\t\t\t\t\t<\/div>\r\n\t\t\t\t\t\t\t\t\t\t<div class=\"item-promo-footer\">\r\n\t\t\t\t\t\t<a href=\"https:\/\/web.ynnovbooking.com\/booking\/booking\/?l=pt&#038;apikey=ugjR5ycX1mooOeg23RVOD5XY1sgrZ6Sm\">Reserve j\u00e1<\/a>\r\n\t\t\t\t\t<\/div>\r\n\t\t\t\t\t\t\t\t\t<\/div>\r\n\t\t\t<\/div>\r\n\t\t<\/div>\r\n\r\n\t\t[\/vc_column_inner][vc_column_inner width=&#8221;1\/2&#8243;]\t\t<div class=\"item-promo\">\r\n\t\t\t<div class=\"media\">\r\n\t\t\t\t\t\t\t\t<div class=\"media-body item-body\">\r\n\t\t\t\t\t<div class=\"item-title-head\">\r\n\t\t\t\t\t\t<div class=\"text-left\">\r\n\t\t\t\t\t\t\t<h2 class=\"title\">\r\n\t\t\t\t\t\t\t\t<a href=\"https:\/\/web.ynnovbooking.com\/booking\/booking\/?l=pt&#038;apikey=ugjR5ycX1mooOeg23RVOD5XY1sgrZ6Sm\">Reserva Antecipada<\/a>\r\n\t\t\t\t\t\t\t<\/h2>\r\n\t\t\t\t\t\t\tDesconto de 10% para reservas com 30 dias de anteced\u00eancia\t\t\t\t\t\t<\/div>\r\n\t\t\t\t\t<\/div>\r\n\t\t\t\t\t\t\t\t\t\t<div class=\"item-promo-footer\">\r\n\t\t\t\t\t\t<a href=\"https:\/\/web.ynnovbooking.com\/booking\/booking\/?l=pt&#038;apikey=ugjR5ycX1mooOeg23RVOD5XY1sgrZ6Sm\">Reserve j\u00e1<\/a>\r\n\t\t\t\t\t<\/div>\r\n\t\t\t\t\t\t\t\t\t<\/div>\r\n\t\t\t<\/div>\r\n\t\t<\/div>\r\n\r\n\t\t[\/vc_column_inner][\/vc_row_inner][\/vc_column][\/vc_row][vc_row][vc_column]<div style=\"clear:both; width:100%; height:40px\"><\/div>\t\t<div class=\"homey-module module-title section-title-module text-center \">\r\n\t\t\t<h2 style=\"font-size: 28px; \">Packs Promocionais<\/h2>\r\n\r\n\t\t\t<p  class=\"sub-heading\"><\/p>\r\n\t\t<\/div>\r\n\t\t<div style=\"clear:both; width:100%; height:30px\"><\/div>[\/vc_column][\/vc_row][vc_row][vc_column][vc_row_inner equal_height=&#8221;yes&#8221;][vc_column_inner el_class=&#8221;promo-box&#8221; width=&#8221;1\/2&#8243;]\t\t<div class=\"homey-module module-title section-title-module text-center homey-section-title-light\">\r\n\t\t\t<h2 >Fuga a Dois Fora de \u00c9poca<\/h2>\r\n\r\n\t\t\t<p  class=\"sub-heading\">Fuja da rotina e surpreenda<\/p>\r\n\t\t<\/div>\r\n\t\t[vc_column_text]<strong>Inclui:<\/strong><\/p>\n<ul style=\"color: #00c7ff;\">\n<li style=\"color: white;\">Valor do Pack 180\u20ac &#8211; Quarto Categoria Superior<\/li>\n<li style=\"color: white;\">Estadia de 2 noites de Segunda a Quinta<\/li>\n<li style=\"color: white;\">Vinho do Porto e Chocolates no quarto<\/li>\n<li style=\"color: white;\">Pequeno-almo\u00e7o inclu\u00eddo<\/li>\n<li style=\"color: white;\">Late check-out (mediante disponibilidade)<\/li>\n<\/ul>\n<p><em style=\"font-size: 13px;\"><u>*Reservas efetuadas entre Novembro 2025 e Mar\u00e7o 2026<\/u><\/em>[\/vc_column_text][vc_btn title=&#8221;Reservar&#8221; style=&#8221;classic&#8221; align=&#8221;center&#8221; button_block=&#8221;true&#8221; custom_onclick=&#8221;true&#8221; link=&#8221;url:%23reservar&#8221; custom_onclick_code=&#8221;document.querySelector(&#8216;.pack-select select&#8217;).selectedIndex = 1;&#8221;][\/vc_column_inner][vc_column_inner el_class=&#8221;promo-box&#8221; width=&#8221;1\/2&#8243;]\t\t<div class=\"homey-module module-title section-title-module text-center homey-section-title-light\">\r\n\t\t\t<h2 >Fim de Semana Prolongado<\/h2>\r\n\r\n\t\t\t<p  class=\"sub-heading\">Reserve 3 noites e pague apenas 2!<\/p>\r\n\t\t<\/div>\r\n\t\t[vc_column_text]<strong>Inclui:<\/strong><\/p>\n<ul style=\"color: #00c7ff;\">\n<li style=\"color: white;\">Estadia de 3 noites com oferta da \u00faltima noite<\/li>\n<li style=\"color: white;\">Vinho do Porto e Chocolates no quarto<\/li>\n<li style=\"color: white;\">Pequeno-almo\u00e7o inclu\u00eddo<\/li>\n<li style=\"color: white;\">Late check-out (mediante disponibilidade)<\/li>\n<li style=\"color: white;\">Voucher de 10% para uma futura reserva<\/li>\n<\/ul>\n<p><em style=\"font-size: 13px;\"><u>*Reservas efetuadas entre Novembro 2025 e Mar\u00e7o 2026<\/u><\/em>[\/vc_column_text][vc_btn title=&#8221;Reservar&#8221; style=&#8221;classic&#8221; align=&#8221;center&#8221; button_block=&#8221;true&#8221; custom_onclick=&#8221;true&#8221; link=&#8221;url:%23reservar&#8221; custom_onclick_code=&#8221;document.querySelector(&#8216;.pack-select select&#8217;).selectedIndex = 2;&#8221;][\/vc_column_inner][\/vc_row_inner][vc_row_inner equal_height=&#8221;yes&#8221; el_class=&#8221;promo-box&#8221;][vc_column_inner el_class=&#8221;promo-box&#8221; width=&#8221;1\/2&#8243;]\t\t<div class=\"homey-module module-title section-title-module text-center homey-section-title-light\">\r\n\t\t\t<h2 >Fique Mais Um Dia Connosco<\/h2>\r\n\r\n\t\t\t<p  class=\"sub-heading\">Descanse sem pressas, ao reservar 3 noites, oferecemos a 4\u00aa!<\/p>\r\n\t\t<\/div>\r\n\t\t[vc_column_text]<strong>Inclui:<\/strong><\/p>\n<ul style=\"color: #00c7ff;\">\n<li style=\"color: white;\">Estadia de 4 noites (paga 3)<\/li>\n<li style=\"color: white;\">Vinho do Porto e Chocolates no quarto<\/li>\n<li style=\"color: white;\">Pequeno-almo\u00e7o inclu\u00eddo<\/li>\n<li style=\"color: white;\">Late check-out (mediante disponibilidade)<\/li>\n<li style=\"color: white;\">Voucher de 10% para uma futura reserva<\/li>\n<\/ul>\n<p><em style=\"font-size: 13px;\"><u>*Reservas efetuadas entre Novembro 2025 e Mar\u00e7o 2026<\/u><\/em>[\/vc_column_text][vc_btn title=&#8221;Reservar&#8221; style=&#8221;classic&#8221; align=&#8221;center&#8221; button_block=&#8221;true&#8221; custom_onclick=&#8221;true&#8221; link=&#8221;url:%23reservar&#8221; custom_onclick_code=&#8221;document.querySelector(&#8216;.pack-select select&#8217;).selectedIndex = 3;&#8221;][\/vc_column_inner][vc_column_inner width=&#8221;1\/2&#8243;]\t\t<div class=\"homey-module module-title section-title-module text-center homey-section-title-light\">\r\n\t\t\t<h2 >Uma Semana de Descobertas<\/h2>\r\n\r\n\t\t\t<p  class=\"sub-heading\">Desligue-se da rotina e descubra o Porto com uma noite gr\u00e1tis.<\/p>\r\n\t\t<\/div>\r\n\t\t[vc_column_text]<strong>Inclui:<\/strong><\/p>\n<ul style=\"color: #00c7ff;\">\n<li style=\"color: white;\">Estadia de 6 noites (paga 5)<\/li>\n<li style=\"color: white;\">Vinho do Porto e Chocolates no quarto<\/li>\n<li style=\"color: white;\">Pequeno-almo\u00e7o inclu\u00eddo<\/li>\n<li style=\"color: white;\">Late check-out (mediante disponibilidade)<\/li>\n<li style=\"color: white;\">Voucher de 10% para uma futura reserva<\/li>\n<\/ul>\n<p><em style=\"font-size: 13px;\"><u>*Reservas efetuadas entre Novembro 2025 e Mar\u00e7o 2026<\/u><\/em>[\/vc_column_text][vc_btn title=&#8221;Reservar&#8221; style=&#8221;classic&#8221; align=&#8221;center&#8221; button_block=&#8221;true&#8221; custom_onclick=&#8221;true&#8221; link=&#8221;url:%23reservar&#8221; custom_onclick_code=&#8221;document.querySelector(&#8216;.pack-select select&#8217;).selectedIndex = 4;&#8221;][\/vc_column_inner][\/vc_row_inner][\/vc_column][\/vc_row][vc_row el_id=&#8221;reservar&#8221;][vc_column]\t\t<div class=\"homey-module module-title section-title-module text-left \">\r\n\t\t\t<h2 >Fa\u00e7a a sua reserva<\/h2>\r\n\r\n\t\t\t<p  class=\"sub-heading\"><\/p>\r\n\t\t<\/div>\r\n\t\t<div class=\"wpforms-container wpforms-container-full\" id=\"wpforms-187766\"><form id=\"wpforms-form-187766\" class=\"wpforms-validate wpforms-form wpforms-ajax-form\" data-formid=\"187766\" method=\"post\" enctype=\"multipart\/form-data\" action=\"\/pt\/wp-json\/wp\/v2\/pages\/187769\" data-token=\"a6e7ebe696ac24c6a44630c97fdea271\" data-token-time=\"1776350059\"><noscript class=\"wpforms-error-noscript\">Please enable JavaScript in your browser to complete this form.<\/noscript><div class=\"wpforms-field-container\"><div id=\"wpforms-187766-field_1-container\" class=\"wpforms-field wpforms-field-name\" data-field-id=\"1\"><label class=\"wpforms-field-label\" for=\"wpforms-187766-field_1\">Nome <span class=\"wpforms-required-label\">*<\/span><\/label><input type=\"text\" id=\"wpforms-187766-field_1\" class=\"wpforms-field-large wpforms-field-required\" name=\"wpforms[fields][1]\" required><\/div><div id=\"wpforms-187766-field_2-container\" class=\"wpforms-field wpforms-field-email\" data-field-id=\"2\"><label class=\"wpforms-field-label\" for=\"wpforms-187766-field_2\">Email <span class=\"wpforms-required-label\">*<\/span><\/label><input type=\"email\" id=\"wpforms-187766-field_2\" class=\"wpforms-field-large wpforms-field-required\" name=\"wpforms[fields][2]\" spellcheck=\"false\" required><\/div><div id=\"wpforms-187766-field_4-container\" class=\"wpforms-field wpforms-field-select pack-select wpforms-field-select-style-classic\" data-field-id=\"4\"><label class=\"wpforms-field-label\" for=\"wpforms-187766-field_4\">Escolha o seu Pack <span class=\"wpforms-required-label\">*<\/span><\/label><select id=\"wpforms-187766-field_4\" class=\"wpforms-field-large wpforms-field-required\" name=\"wpforms[fields][4]\" required=\"required\"><option value=\"\" class=\"placeholder\" disabled  selected='selected'>--- Select Choice ---<\/option><option value=\"Fuga a Dois Fora de \u00c9poca\"  class=\"choice-1 depth-1\"  >Fuga a Dois Fora de \u00c9poca<\/option><option value=\"Fim de Semana Prolongado\"  class=\"choice-2 depth-1\"  >Fim de Semana Prolongado<\/option><option value=\"Fique Mais Um Dia Connosco\"  class=\"choice-3 depth-1\"  >Fique Mais Um Dia Connosco<\/option><option value=\"Uma Semana de Descobertas\"  class=\"choice-4 depth-1\"  >Uma Semana de Descobertas<\/option><\/select><\/div>\t\t<div id=\"wpforms-187766-field_5-container\"\n\t\t\tclass=\"wpforms-field wpforms-field-text\"\n\t\t\tdata-field-type=\"text\"\n\t\t\tdata-field-id=\"5\"\n\t\t\t>\n\t\t\t<label class=\"wpforms-field-label\" for=\"wpforms-187766-field_5\" >of Nome<\/label>\n\t\t\t<input type=\"text\" id=\"wpforms-187766-field_5\" class=\"wpforms-field-medium\" name=\"wpforms[fields][5]\" >\n\t\t<\/div>\n\t\t<div id=\"wpforms-187766-field_3-container\" class=\"wpforms-field wpforms-field-textarea\" data-field-id=\"3\"><label class=\"wpforms-field-label\" for=\"wpforms-187766-field_3\">Mensagem <span class=\"wpforms-required-label\">*<\/span><\/label><textarea id=\"wpforms-187766-field_3\" class=\"wpforms-field-medium wpforms-field-required\" name=\"wpforms[fields][3]\" required><\/textarea><\/div><script>\n\t\t\t\t( function() {\n\t\t\t\t\tconst style = document.createElement( 'style' );\n\t\t\t\t\tstyle.appendChild( document.createTextNode( '#wpforms-187766-field_5-container { position: absolute !important; overflow: hidden !important; display: inline !important; height: 1px !important; width: 1px !important; z-index: -1000 !important; padding: 0 !important; } #wpforms-187766-field_5-container input { visibility: hidden; } #wpforms-conversational-form-page #wpforms-187766-field_5-container label { counter-increment: none; }' ) );\n\t\t\t\t\tdocument.head.appendChild( style );\n\t\t\t\t\tdocument.currentScript?.remove();\n\t\t\t\t} )();\n\t\t\t<\/script><\/div><!-- .wpforms-field-container --><div class=\"wpforms-recaptcha-container wpforms-is-recaptcha wpforms-is-recaptcha-type-v2\" ><div class=\"g-recaptcha\" data-sitekey=\"6Ldb2z8pAAAAAH_-pGA7gdVW-PfGdI8XDH9qdPq3\"><\/div><input type=\"text\" name=\"g-recaptcha-hidden\" class=\"wpforms-recaptcha-hidden\" style=\"position:absolute!important;clip:rect(0,0,0,0)!important;height:1px!important;width:1px!important;border:0!important;overflow:hidden!important;padding:0!important;margin:0!important;\" data-rule-recaptcha=\"1\"><\/div><div class=\"wpforms-submit-container\" ><input type=\"hidden\" name=\"wpforms[id]\" value=\"187766\"><input type=\"hidden\" name=\"page_title\" value=\"\"><input type=\"hidden\" name=\"page_url\" value=\"https:\/\/miragaiasuites.com\/pt\/wp-json\/wp\/v2\/pages\/187769\"><input type=\"hidden\" name=\"url_referer\" value=\"\"><button type=\"submit\" name=\"wpforms[submit]\" id=\"wpforms-submit-187766\" class=\"wpforms-submit\" data-alt-text=\"A enviar...\" data-submit-text=\"Enviar\" aria-live=\"assertive\" value=\"wpforms-submit\">Enviar<\/button><img loading=\"lazy\" decoding=\"async\" src=\"https:\/\/miragaiasuites.com\/wp-content\/plugins\/wpforms-lite\/assets\/images\/submit-spin.svg\" class=\"wpforms-submit-spinner\" style=\"display: none;\" width=\"26\" height=\"26\" alt=\"Loading\"><\/div><\/form><\/div>  <!-- .wpforms-container -->[\/vc_column][\/vc_row]<\/p>","protected":false},"excerpt":{"rendered":"<p>[vc_row][vc_column][vc_row_inner equal_height=&#8221;yes&#8221; content_placement=&#8221;top&#8221;][vc_column_inner width=&#8221;1\/2&#8243;][\/vc_column_inner][vc_column_inner width=&#8221;1\/2&#8243;][\/vc_column_inner][\/vc_row_inner][\/vc_column][\/vc_row][vc_row][vc_column][\/vc_column][\/vc_row][vc_row][vc_column][vc_row_inner equal_height=&#8221;yes&#8221;][vc_column_inner el_class=&#8221;promo-box&#8221; width=&#8221;1\/2&#8243;][vc_column_text]Inclui: Valor do Pack 180\u20ac &#8211; Quarto Categoria Superior Estadia de 2 noites de Segunda a Quinta Vinho do Porto e Chocolates no quarto Pequeno-almo\u00e7o inclu\u00eddo Late check-out (mediante disponibilidade) *Reservas efetuadas entre Novembro 2025 e Mar\u00e7o 2026[\/vc_column_text][vc_btn title=&#8221;Reservar&#8221; style=&#8221;classic&#8221; align=&#8221;center&#8221; button_block=&#8221;true&#8221; custom_onclick=&#8221;true&#8221; link=&#8221;url:%23reservar&#8221; custom_onclick_code=&#8221;document.querySelector(&#8216;.pack-select select&#8217;).selectedIndex = 1;&#8221;][\/vc_column_inner][vc_column_inner [&hellip;]<\/p>\n","protected":false},"author":1,"featured_media":0,"parent":0,"menu_order":0,"comment_status":"closed","ping_status":"closed","template":"template\/template-homepage.php","meta":{"inline_featured_image":false,"footnotes":""},"class_list":["post-187769","page","type-page","status-publish","hentry"],"_links":{"self":[{"href":"https:\/\/miragaiasuites.com\/pt\/wp-json\/wp\/v2\/pages\/187769","targetHints":{"allow":["GET"]}}],"collection":[{"href":"https:\/\/miragaiasuites.com\/pt\/wp-json\/wp\/v2\/pages"}],"about":[{"href":"https:\/\/miragaiasuites.com\/pt\/wp-json\/wp\/v2\/types\/page"}],"author":[{"embeddable":true,"href":"https:\/\/miragaiasuites.com\/pt\/wp-json\/wp\/v2\/users\/1"}],"replies":[{"embeddable":true,"href":"https:\/\/miragaiasuites.com\/pt\/wp-json\/wp\/v2\/comments?post=187769"}],"version-history":[{"count":21,"href":"https:\/\/miragaiasuites.com\/pt\/wp-json\/wp\/v2\/pages\/187769\/revisions"}],"predecessor-version":[{"id":187894,"href":"https:\/\/miragaiasuites.com\/pt\/wp-json\/wp\/v2\/pages\/187769\/revisions\/187894"}],"wp:attachment":[{"href":"https:\/\/miragaiasuites.com\/pt\/wp-json\/wp\/v2\/media?parent=187769"}],"curies":[{"name":"wp","href":"https:\/\/api.w.org\/{rel}","templated":true}]}}