{"id":544,"date":"2018-10-16T22:18:41","date_gmt":"2018-10-16T22:18:41","guid":{"rendered":"http:\/\/wordpress-89239-751427.cloudwaysapps.com\/?page_id=544"},"modified":"2022-02-11T12:12:39","modified_gmt":"2022-02-11T12:12:39","slug":"listing-grid-full-width","status":"publish","type":"page","link":"https:\/\/miragaiasuites.com\/pt\/listing-grid-full-width\/","title":{"rendered":"ALOJAMENTOS"},"content":{"rendered":"<p class=\"qtranxs-available-languages-message qtranxs-available-languages-message-pt\">Desculpe, este conte\u00fado s\u00f3 est\u00e1 dispon\u00edvel em <a href=\"https:\/\/miragaiasuites.com\/en\/wp-json\/wp\/v2\/pages\/544\" class=\"qtranxs-available-language-link qtranxs-available-language-link-en\" title=\"English\">English<\/a>.<\/p>","protected":false},"excerpt":{"rendered":"<p>Desculpe, este conte\u00fado s\u00f3 est\u00e1 dispon\u00edvel em English.<\/p>\n","protected":false},"author":1,"featured_media":0,"parent":0,"menu_order":0,"comment_status":"closed","ping_status":"closed","template":"template\/template-listing-grid.php","meta":{"inline_featured_image":false,"footnotes":""},"class_list":["post-544","page","type-page","status-publish","hentry"],"_links":{"self":[{"href":"https:\/\/miragaiasuites.com\/pt\/wp-json\/wp\/v2\/pages\/544","targetHints":{"allow":["GET"]}}],"collection":[{"href":"https:\/\/miragaiasuites.com\/pt\/wp-json\/wp\/v2\/pages"}],"about":[{"href":"https:\/\/miragaiasuites.com\/pt\/wp-json\/wp\/v2\/types\/page"}],"author":[{"embeddable":true,"href":"https:\/\/miragaiasuites.com\/pt\/wp-json\/wp\/v2\/users\/1"}],"replies":[{"embeddable":true,"href":"https:\/\/miragaiasuites.com\/pt\/wp-json\/wp\/v2\/comments?post=544"}],"version-history":[{"count":2,"href":"https:\/\/miragaiasuites.com\/pt\/wp-json\/wp\/v2\/pages\/544\/revisions"}],"predecessor-version":[{"id":39507,"href":"https:\/\/miragaiasuites.com\/pt\/wp-json\/wp\/v2\/pages\/544\/revisions\/39507"}],"wp:attachment":[{"href":"https:\/\/miragaiasuites.com\/pt\/wp-json\/wp\/v2\/media?parent=544"}],"curies":[{"name":"wp","href":"https:\/\/api.w.org\/{rel}","templated":true}]}}